{"id":26,"date":"2020-10-30T10:53:46","date_gmt":"2020-10-30T10:53:46","guid":{"rendered":"http:\/\/iesgaroe.org\/comunicaciongaroe\/?page_id=26"},"modified":"2021-04-12T16:58:23","modified_gmt":"2021-04-12T16:58:23","slug":"biblioteca-virtual","status":"publish","type":"page","link":"http:\/\/iesgaroe.org\/comunicaciongaroe\/biblioteca-virtual\/","title":{"rendered":"Biblioteca Virtual"},"content":{"rendered":"\n<figure class=\"wp-block-image size-large\"><img loading=\"lazy\" width=\"724\" height=\"1024\" src=\"http:\/\/iesgaroe.org\/comunicaciongaroe\/wp-content\/uploads\/2020\/10\/Descolorido-Libros-Pelicula-Romantica-Poster-724x1024.png\" alt=\"\" class=\"wp-image-54\" srcset=\"http:\/\/iesgaroe.org\/comunicaciongaroe\/wp-content\/uploads\/2020\/10\/Descolorido-Libros-Pelicula-Romantica-Poster-724x1024.png 724w, http:\/\/iesgaroe.org\/comunicaciongaroe\/wp-content\/uploads\/2020\/10\/Descolorido-Libros-Pelicula-Romantica-Poster-212x300.png 212w, http:\/\/iesgaroe.org\/comunicaciongaroe\/wp-content\/uploads\/2020\/10\/Descolorido-Libros-Pelicula-Romantica-Poster-768x1086.png 768w, http:\/\/iesgaroe.org\/comunicaciongaroe\/wp-content\/uploads\/2020\/10\/Descolorido-Libros-Pelicula-Romantica-Poster-1086x1536.png 1086w, http:\/\/iesgaroe.org\/comunicaciongaroe\/wp-content\/uploads\/2020\/10\/Descolorido-Libros-Pelicula-Romantica-Poster-1448x2048.png 1448w, http:\/\/iesgaroe.org\/comunicaciongaroe\/wp-content\/uploads\/2020\/10\/Descolorido-Libros-Pelicula-Romantica-Poster.png 1587w\" sizes=\"(max-width: 724px) 100vw, 724px\" \/><\/figure>\n\n\n\n<p>Aqu\u00ed vienen los primeros relatos de nuestros garoeros. Esperamos que los disfruten. Si hay alguna historia que te ha gustado o te gustar\u00eda cambiar alg\u00fan final o a\u00f1adir\u00edas alg\u00fan detalle&#8230; com\u00e9ntalo en el apartado de comentarios.<\/p>\n\n\n\n<p><\/p>\n\n\n\n<div class=\"wp-block-file\"><a href=\"http:\/\/iesgaroe.org\/comunicaciongaroe\/wp-content\/uploads\/2020\/10\/Elisa-Lima-Machin-2o-A.pdf\">El amor m\u00e1s inesperado<\/a><a href=\"http:\/\/iesgaroe.org\/comunicaciongaroe\/wp-content\/uploads\/2020\/10\/Elisa-Lima-Machin-2o-A.pdf\" class=\"wp-block-file__button\" download>Descarga<\/a><\/div>\n\n\n\n<div class=\"wp-block-file\"><a href=\"http:\/\/iesgaroe.org\/comunicaciongaroe\/wp-content\/uploads\/2020\/10\/Sofia-Valentina-Camacho-Cabrera-1oB.pdf\">Los ratones de la librer\u00eda<\/a><a href=\"http:\/\/iesgaroe.org\/comunicaciongaroe\/wp-content\/uploads\/2020\/10\/Sofia-Valentina-Camacho-Cabrera-1oB.pdf\" class=\"wp-block-file__button\" download>Descarga<\/a><\/div>\n\n\n\n<div class=\"wp-block-file\"><a href=\"http:\/\/iesgaroe.org\/comunicaciongaroe\/wp-content\/uploads\/2020\/10\/Mahmud-Ould-Sid-Ahmed-1o-.pdf\">La entrega del libro<\/a><a href=\"http:\/\/iesgaroe.org\/comunicaciongaroe\/wp-content\/uploads\/2020\/10\/Mahmud-Ould-Sid-Ahmed-1o-.pdf\" class=\"wp-block-file__button\" download>Descarga<\/a><\/div>\n\n\n\n<div class=\"wp-block-file\"><a href=\"http:\/\/iesgaroe.org\/comunicaciongaroe\/wp-content\/uploads\/2020\/10\/Jimena-Martin-Padron-3o-B.pdf\">Y su coraz\u00f3n&#8230;<\/a><a href=\"http:\/\/iesgaroe.org\/comunicaciongaroe\/wp-content\/uploads\/2020\/10\/Jimena-Martin-Padron-3o-B.pdf\" class=\"wp-block-file__button\" download>Descarga<\/a><\/div>\n\n\n\n<div class=\"wp-block-file\"><a href=\"http:\/\/iesgaroe.org\/comunicaciongaroe\/wp-content\/uploads\/2020\/10\/Eliannys-Marin-Quintero-2o-.pdf\">La detective Lia Wellington<\/a><a href=\"http:\/\/iesgaroe.org\/comunicaciongaroe\/wp-content\/uploads\/2020\/10\/Eliannys-Marin-Quintero-2o-.pdf\" class=\"wp-block-file__button\" download>Descarga<\/a><\/div>\n\n\n\n<p><strong>D\u00eda mundial de la Poes\u00eda, 21 de abril de 2021<\/strong><\/p>\n\n\n\n<p>Con motivo del d\u00eda mundial de la Poes\u00eda (domingo 21 de abril), se ha dedicado una semana a este g\u00e9nero literario. Desde el \u00e1rea de Lengua Castellana y Literatura se ha propuesto a todos los niveles la elaboraci\u00f3n propia de una composici\u00f3n l\u00edrica con la intenci\u00f3n de realizar un recital durante los recreo; y as\u00ed,  todo el centro pudiera disfrutar del placer de las palabras a manos de la poes\u00eda. A continuaci\u00f3n se a\u00f1aden algunos podcast con los poemas que ha realizado el alumnado para apoyar la diversidad ling\u00fc\u00edstica a trav\u00e9s de la expresi\u00f3n po\u00e9tica y fomentar la visibilizaci\u00f3n de este arte. <\/p>\n\n\n\n<figure class=\"wp-block-audio\"><audio controls src=\"http:\/\/iesgaroe.org\/comunicaciongaroe\/wp-content\/uploads\/2021\/04\/Poesia-de-Daniela-2.mp3\"><\/audio><figcaption>Poes\u00eda realizada por Daniel Lima Padr\u00f3n<\/figcaption><\/figure>\n\n\n\n<figure class=\"wp-block-audio\"><audio controls src=\"http:\/\/iesgaroe.org\/comunicaciongaroe\/wp-content\/uploads\/2021\/04\/PoesA\u00ada-de-Alexandra-online-audio-converter.com_.mp3\"><\/audio><figcaption>Poes\u00eda realizada por Alexandra Padr\u00f3n Padr\u00f3n<\/figcaption><\/figure>\n\n\n\n<figure class=\"wp-block-audio\"><audio controls src=\"http:\/\/iesgaroe.org\/comunicaciongaroe\/wp-content\/uploads\/2021\/04\/PoesA\u00ada-Atteneri-online-audio-converter.com_.mp3\"><\/audio><figcaption>Poes\u00eda realizada por Atteneri de los Reyes S\u00e1nchez Guerra<\/figcaption><\/figure>\n\n\n\n<p>Tambi\u00e9n, nuestro profesorado ha querido participar en esta actividad tan gratificante y les dejamos alguna muestra de ello: <\/p>\n\n\n\n<figure class=\"wp-block-audio\"><audio controls src=\"http:\/\/iesgaroe.org\/comunicaciongaroe\/wp-content\/uploads\/2021\/04\/No-te-rindas.mp3\"><\/audio><figcaption>Poes\u00eda realizada por Jos\u00e9 Manuel Dom\u00ednguez Sanz <\/figcaption><\/figure>\n\n\n\n<p>Y algunos ejemplos escritos:         <\/p>\n\n\n\n<p><strong><em>La amistad desastrosa<\/em><\/strong><\/p>\n\n\n\n<p>Yo ten\u00eda un amigo<\/p>\n\n\n\n<p>que muy bien me trataba:<\/p>\n\n\n\n<p>cuando quedaba con \u00e9l, lloraba,<\/p>\n\n\n\n<p>pero de la risa que me causaba;<\/p>\n\n\n\n<p>me ayudaba cuando lo necesitaba<\/p>\n\n\n\n<p>y, a d\u00eda de hoy, quisiera darle las gracias.<\/p>\n\n\n\n<p>Yo tengo un amigo que de repente se aleja,<\/p>\n\n\n\n<p>un amigo que por otros amigos me deja;<\/p>\n\n\n\n<p>a veces ven\u00eda, a veces se iba,<\/p>\n\n\n\n<p>era intermitente, no sab\u00eda qu\u00e9 quer\u00eda.<\/p>\n\n\n\n<p>Yo, por la incertidumbre, me agobiaba.<\/p>\n\n\n\n<p>\u00bfQu\u00e9 podr\u00eda haber hecho para que me abandonara?<\/p>\n\n\n\n<p>\u00c9l sal\u00eda, se divert\u00eda<\/p>\n\n\n\n<p>y yo, mirando al techo pensativa;<\/p>\n\n\n\n<p>estaba sola todo el d\u00eda:<\/p>\n\n\n\n<p>yo, mis cascos y mis melod\u00edas.<\/p>\n\n\n\n<p>Yo no ten\u00eda ning\u00fan amigo,<\/p>\n\n\n\n<p>un momento de mi vida que en cuanto pueda lo olvido.<\/p>\n\n\n\n<p>Con el tiempo fui conociendo a una persona<\/p>\n\n\n\n<p>que s\u00e9 que a d\u00eda de hoy no me va a dejar sola,<\/p>\n\n\n\n<p>esa persona soy yo misma,<\/p>\n\n\n\n<p>la \u00fanica que me tiene que importar noche y d\u00eda.<\/p>\n\n\n\n<p><strong><em>Elena Perdomo Cabrera<\/em><\/strong>  2\u00ba PMAR<\/p>\n\n\n\n<p>En mi coraz\u00f3n entraste,<\/p>\n\n\n\n<p>pero luego te marchaste.<\/p>\n\n\n\n<p>Y aunque seamos un desastre,<\/p>\n\n\n\n<p>te quiero<\/p>\n\n\n\n<p>y no puedo olvidarte.<\/p>\n\n\n\n<p><strong><em>Zuleyma Gonz\u00e1lez Mach\u00edn<\/em><\/strong>  2\u00ba PMAR<\/p>\n","protected":false},"excerpt":{"rendered":"<p>Aqu\u00ed vienen los primeros relatos de nuestros garoeros. Esperamos que los disfruten. Si hay alguna historia que te ha gustado o te gustar\u00eda cambiar alg\u00fan final o a\u00f1adir\u00edas alg\u00fan detalle&#8230; com\u00e9ntalo en el apartado de comentarios. D\u00eda mundial de la Poes\u00eda, 21 de abril de 2021 Con motivo del d\u00eda mundial de la Poes\u00eda (domingo &hellip; <\/p>\n<p class=\"link-more\"><a href=\"http:\/\/iesgaroe.org\/comunicaciongaroe\/biblioteca-virtual\/\" class=\"more-link\">Continuar leyendo<span class=\"screen-reader-text\"> \u00abBiblioteca Virtual\u00bb<\/span><\/a><\/p>\n","protected":false},"author":1,"featured_media":56,"parent":0,"menu_order":0,"comment_status":"open","ping_status":"closed","template":"","meta":[],"_links":{"self":[{"href":"http:\/\/iesgaroe.org\/comunicaciongaroe\/wp-json\/wp\/v2\/pages\/26"}],"collection":[{"href":"http:\/\/iesgaroe.org\/comunicaciongaroe\/wp-json\/wp\/v2\/pages"}],"about":[{"href":"http:\/\/iesgaroe.org\/comunicaciongaroe\/wp-json\/wp\/v2\/types\/page"}],"author":[{"embeddable":true,"href":"http:\/\/iesgaroe.org\/comunicaciongaroe\/wp-json\/wp\/v2\/users\/1"}],"replies":[{"embeddable":true,"href":"http:\/\/iesgaroe.org\/comunicaciongaroe\/wp-json\/wp\/v2\/comments?post=26"}],"version-history":[{"count":8,"href":"http:\/\/iesgaroe.org\/comunicaciongaroe\/wp-json\/wp\/v2\/pages\/26\/revisions"}],"predecessor-version":[{"id":374,"href":"http:\/\/iesgaroe.org\/comunicaciongaroe\/wp-json\/wp\/v2\/pages\/26\/revisions\/374"}],"wp:featuredmedia":[{"embeddable":true,"href":"http:\/\/iesgaroe.org\/comunicaciongaroe\/wp-json\/wp\/v2\/media\/56"}],"wp:attachment":[{"href":"http:\/\/iesgaroe.org\/comunicaciongaroe\/wp-json\/wp\/v2\/media?parent=26"}],"curies":[{"name":"wp","href":"https:\/\/api.w.org\/{rel}","templated":true}]}}