{"id":42,"date":"2020-10-30T11:01:53","date_gmt":"2020-10-30T11:01:53","guid":{"rendered":"http:\/\/iesgaroe.org\/comunicaciongaroe\/?page_id=42"},"modified":"2021-03-20T10:00:42","modified_gmt":"2021-03-20T10:00:42","slug":"inicio","status":"publish","type":"page","link":"http:\/\/iesgaroe.org\/comunicaciongaroe\/","title":{"rendered":"Inicio"},"content":{"rendered":"\n<p>S\u00e1bado 31 de octubre de 2020. <\/p>\n\n\n\n<p>Como dec\u00eda el c\u00e9lebre fil\u00f3sofo y escritor franc\u00e9s, Michel de Montaigne: \u00ab<em>la palabra es mitad de quien la pronuncia, mitad de quien la escucha\u00bb.  <\/em>Por esto, queremos compartir contigo todas las semanas algunas palabras que quiz\u00e1s desconozcas del espa\u00f1ol y puede que veas la oportunidad de empezar a incorporarla a tu l\u00e9xico. \u00a1Haz tuyas estas palabras!<\/p>\n\n\n\n<figure class=\"wp-block-image size-large\"><img loading=\"lazy\" width=\"1024\" height=\"1024\" src=\"http:\/\/iesgaroe.org\/comunicaciongaroe\/wp-content\/uploads\/2020\/10\/Vera-Nazarian-1024x1024.png\" alt=\"\" class=\"wp-image-75\" srcset=\"http:\/\/iesgaroe.org\/comunicaciongaroe\/wp-content\/uploads\/2020\/10\/Vera-Nazarian-1024x1024.png 1024w, http:\/\/iesgaroe.org\/comunicaciongaroe\/wp-content\/uploads\/2020\/10\/Vera-Nazarian-300x300.png 300w, http:\/\/iesgaroe.org\/comunicaciongaroe\/wp-content\/uploads\/2020\/10\/Vera-Nazarian-150x150.png 150w, http:\/\/iesgaroe.org\/comunicaciongaroe\/wp-content\/uploads\/2020\/10\/Vera-Nazarian-768x768.png 768w, http:\/\/iesgaroe.org\/comunicaciongaroe\/wp-content\/uploads\/2020\/10\/Vera-Nazarian-100x100.png 100w, http:\/\/iesgaroe.org\/comunicaciongaroe\/wp-content\/uploads\/2020\/10\/Vera-Nazarian.png 1080w\" sizes=\"(max-width: 767px) 89vw, (max-width: 1000px) 54vw, (max-width: 1071px) 543px, 580px\" \/><\/figure>\n\n\n\n<p>S\u00e1bado 7 de noviembre de 2020.<\/p>\n\n\n\n<p>Reci\u00e9n salido el sol a las 7:25 de la ma\u00f1ana, ha abierto los ojos, se ha desperezado y ha cogido su libro favorito. Comenz\u00f3 a leer donde lo hab\u00eda dejado, pero se percat\u00f3 que lo que hab\u00eda le\u00eddo anteriormente la hab\u00eda dejado  algo confusa y retrocedi\u00f3 unas p\u00e1ginas &#8230; En ese instante pens\u00f3: \u00abseguro es extra\u00f1o leer y releer el mismo libro una y mil veces y siempre encontrar algo que no entend\u00ed la \u00faltima vez\u00bb . Pero sigui\u00f3 con su ritual de cada fin de semana, sin prestar atenci\u00f3n a lo que se le hab\u00eda pasado por la cabeza. Puso todos sus sentidos en la lectura -como de costumbre- y descubri\u00f3 nuevas palabras, nuevas formas de expresar una realidad alternativa, nuevas maneras de ver la vida. En ese momento, se dio cuenta de que da igual lo raro que parezca leer un libro una y otra vez. Para ella, cada vez que ten\u00eda un libro en sus manos era una oportunidad \u00fanica y valiosa; m\u00e1s a\u00fan, cuando se trataba no de un libro cualquiera, sino de ese libro: raro, curioso y, en definitiva, su libro favorito.  <\/p>\n\n\n\n<figure class=\"wp-block-image size-large\"><img loading=\"lazy\" width=\"1024\" height=\"1024\" src=\"http:\/\/iesgaroe.org\/comunicaciongaroe\/wp-content\/uploads\/2020\/11\/Vera-Nazarian-1-1024x1024.png\" alt=\"\" class=\"wp-image-88\" srcset=\"http:\/\/iesgaroe.org\/comunicaciongaroe\/wp-content\/uploads\/2020\/11\/Vera-Nazarian-1-1024x1024.png 1024w, http:\/\/iesgaroe.org\/comunicaciongaroe\/wp-content\/uploads\/2020\/11\/Vera-Nazarian-1-300x300.png 300w, http:\/\/iesgaroe.org\/comunicaciongaroe\/wp-content\/uploads\/2020\/11\/Vera-Nazarian-1-150x150.png 150w, http:\/\/iesgaroe.org\/comunicaciongaroe\/wp-content\/uploads\/2020\/11\/Vera-Nazarian-1-768x768.png 768w, http:\/\/iesgaroe.org\/comunicaciongaroe\/wp-content\/uploads\/2020\/11\/Vera-Nazarian-1-100x100.png 100w, http:\/\/iesgaroe.org\/comunicaciongaroe\/wp-content\/uploads\/2020\/11\/Vera-Nazarian-1.png 1080w\" sizes=\"(max-width: 767px) 89vw, (max-width: 1000px) 54vw, (max-width: 1071px) 543px, 580px\" \/><\/figure>\n\n\n\n<p>S\u00e1bado 14 de noviembre de 2020<\/p>\n\n\n\n<p>\u00ab La nostalgia nos genera un vac\u00edo en el coraz\u00f3n y, casi al mismo tiempo, lo llena de gotitas de pena. Cuando estamos nost\u00e1lgicos, sentimos que alguien, o algo, nos falta: un amigo, un familiar, un lugar, un juguete. Al instante, esa ausencia nos entristece. (&#8230;) Cuando la nostalgia se hace parte de tu d\u00eda a d\u00eda, terminas siendo presa de la melancol\u00eda\u00bb. <\/p>\n\n\n\n<p class=\"has-text-align-right\"><em><strong>Emocionario<\/strong><\/em>, <em>Di lo que sientes. Palabras aladas<\/em><\/p>\n\n\n\n<p>En Canarias para expresar este sentimiento nost\u00e1lgico, tenemos la siguiente palabra que queremos compartir contigo: <\/p>\n\n\n\n<figure class=\"wp-block-image size-large\"><img loading=\"lazy\" width=\"1024\" height=\"1024\" src=\"http:\/\/iesgaroe.org\/comunicaciongaroe\/wp-content\/uploads\/2020\/11\/magua-1024x1024.png\" alt=\"\" class=\"wp-image-102\" srcset=\"http:\/\/iesgaroe.org\/comunicaciongaroe\/wp-content\/uploads\/2020\/11\/magua-1024x1024.png 1024w, http:\/\/iesgaroe.org\/comunicaciongaroe\/wp-content\/uploads\/2020\/11\/magua-300x300.png 300w, http:\/\/iesgaroe.org\/comunicaciongaroe\/wp-content\/uploads\/2020\/11\/magua-150x150.png 150w, http:\/\/iesgaroe.org\/comunicaciongaroe\/wp-content\/uploads\/2020\/11\/magua-768x768.png 768w, http:\/\/iesgaroe.org\/comunicaciongaroe\/wp-content\/uploads\/2020\/11\/magua-100x100.png 100w, http:\/\/iesgaroe.org\/comunicaciongaroe\/wp-content\/uploads\/2020\/11\/magua.png 1080w\" sizes=\"(max-width: 767px) 89vw, (max-width: 1000px) 54vw, (max-width: 1071px) 543px, 580px\" \/><\/figure>\n\n\n\n<p>S\u00e1bado 21 de noviembre de 2020<\/p>\n\n\n\n<p>\u00c9rase una vez un lugar verde y boscoso cuyo nombre era La Llan\u00eda, de verdes praderas, hayas y brezos. Un d\u00eda de <strong><em>sorimba<\/em><\/strong>, mientras est\u00e1bamos de excursi\u00f3n mis amigos y yo  (Altea, Brayan y Andrea) encontramos una cueva en una monta\u00f1a para resguardarnos de tanta lluvia menuda y viento. <\/p>\n\n\n\n<p class=\"has-text-align-right\">Altea Ojeda Lima, Aula Enclave<\/p>\n\n\n\n<figure class=\"wp-block-image size-large\"><img loading=\"lazy\" width=\"1024\" height=\"1024\" src=\"http:\/\/iesgaroe.org\/comunicaciongaroe\/wp-content\/uploads\/2020\/11\/sorimba-1-1024x1024.png\" alt=\"\" class=\"wp-image-154\" srcset=\"http:\/\/iesgaroe.org\/comunicaciongaroe\/wp-content\/uploads\/2020\/11\/sorimba-1-1024x1024.png 1024w, http:\/\/iesgaroe.org\/comunicaciongaroe\/wp-content\/uploads\/2020\/11\/sorimba-1-300x300.png 300w, http:\/\/iesgaroe.org\/comunicaciongaroe\/wp-content\/uploads\/2020\/11\/sorimba-1-150x150.png 150w, http:\/\/iesgaroe.org\/comunicaciongaroe\/wp-content\/uploads\/2020\/11\/sorimba-1-768x768.png 768w, http:\/\/iesgaroe.org\/comunicaciongaroe\/wp-content\/uploads\/2020\/11\/sorimba-1-100x100.png 100w, http:\/\/iesgaroe.org\/comunicaciongaroe\/wp-content\/uploads\/2020\/11\/sorimba-1.png 1080w\" sizes=\"(max-width: 767px) 89vw, (max-width: 1000px) 54vw, (max-width: 1071px) 543px, 580px\" \/><\/figure>\n\n\n\n<p>Esta ma\u00f1ana despert\u00e9 algo <strong><em>sorimba<\/em><\/strong>. Decid\u00ed levantarme de la cama y preparar caf\u00e9 -en ese momento era lo \u00fanico que necesitaba, un caf\u00e9-. Me asom\u00e9 a la ventana y pude atisbar unos rayos de sol que acompa\u00f1aban las primeras horas del d\u00eda, compa\u00f1\u00eda fiel y alegre. Ten\u00eda hambre y decid\u00ed prepararme unas tortitas deliciosas- pensando que eso ayudar\u00eda a eliminar esa <strong>sorimba<\/strong>-. Cuando dispuse todo para el desayuno, me di cuenta de que segu\u00eda estando con el \u00e1nimo turbado. \u00ab\u00bfQu\u00e9 pod\u00eda hacer?\u00bb &#8211; pens\u00e9. Abr\u00ed la puerta hacia la terraza y pude descubrir que hac\u00eda una <strong>sorimba<\/strong> bastante molesta. Pero a pesar de la leve lluvia que rozaba mi rostro, me abracij\u00e9 -sintiendo la suave brisa fr\u00eda de la ma\u00f1ana-  y lanc\u00e9 mi mirada al cielo. Luego cerr\u00e9 los ojos, respir\u00e9 hondo y me dije: \u00abT\u00fa puedes\u00bb. <\/p>\n\n\n\n<p>S\u00e1bado 28 de noviembre de 2020<\/p>\n\n\n\n<p>Es <strong>bonhom\u00eda<\/strong> pura. <\/p>\n\n\n\n<p>En la profundidad de sus ojos, un atisbo de luz persiste. Transmite <strong>bonhom\u00eda<\/strong> infinita. La afabilidad de su car\u00e1cter ti\u00f1e su mirada y perfila sencillez en el rostro. La bondad se refleja en su comportamiento como rayos de sol en el mar.  <\/p>\n\n\n\n<p>Es pura <strong>bonhom\u00eda<\/strong>. <\/p>\n\n\n\n<figure class=\"wp-block-image size-large\"><img loading=\"lazy\" width=\"1024\" height=\"1024\" src=\"http:\/\/iesgaroe.org\/comunicaciongaroe\/wp-content\/uploads\/2020\/11\/bonhomia-1024x1024.png\" alt=\"\" class=\"wp-image-207\" srcset=\"http:\/\/iesgaroe.org\/comunicaciongaroe\/wp-content\/uploads\/2020\/11\/bonhomia-1024x1024.png 1024w, http:\/\/iesgaroe.org\/comunicaciongaroe\/wp-content\/uploads\/2020\/11\/bonhomia-300x300.png 300w, http:\/\/iesgaroe.org\/comunicaciongaroe\/wp-content\/uploads\/2020\/11\/bonhomia-150x150.png 150w, http:\/\/iesgaroe.org\/comunicaciongaroe\/wp-content\/uploads\/2020\/11\/bonhomia-768x768.png 768w, http:\/\/iesgaroe.org\/comunicaciongaroe\/wp-content\/uploads\/2020\/11\/bonhomia-100x100.png 100w, http:\/\/iesgaroe.org\/comunicaciongaroe\/wp-content\/uploads\/2020\/11\/bonhomia.png 1080w\" sizes=\"(max-width: 767px) 89vw, (max-width: 1000px) 54vw, (max-width: 1071px) 543px, 580px\" \/><\/figure>\n\n\n\n<p>S\u00e1bado 5 de diciembre de 2020<\/p>\n\n\n\n<figure class=\"wp-block-image size-large\"><img loading=\"lazy\" width=\"1024\" height=\"1024\" src=\"http:\/\/iesgaroe.org\/comunicaciongaroe\/wp-content\/uploads\/2020\/12\/Nostalgia-1024x1024.png\" alt=\"\" class=\"wp-image-244\" srcset=\"http:\/\/iesgaroe.org\/comunicaciongaroe\/wp-content\/uploads\/2020\/12\/Nostalgia-1024x1024.png 1024w, http:\/\/iesgaroe.org\/comunicaciongaroe\/wp-content\/uploads\/2020\/12\/Nostalgia-300x300.png 300w, http:\/\/iesgaroe.org\/comunicaciongaroe\/wp-content\/uploads\/2020\/12\/Nostalgia-150x150.png 150w, http:\/\/iesgaroe.org\/comunicaciongaroe\/wp-content\/uploads\/2020\/12\/Nostalgia-768x768.png 768w, http:\/\/iesgaroe.org\/comunicaciongaroe\/wp-content\/uploads\/2020\/12\/Nostalgia-100x100.png 100w, http:\/\/iesgaroe.org\/comunicaciongaroe\/wp-content\/uploads\/2020\/12\/Nostalgia.png 1080w\" sizes=\"(max-width: 767px) 89vw, (max-width: 1000px) 54vw, (max-width: 1071px) 543px, 580px\" \/><\/figure>\n\n\n\n<p>La <strong>nostalgia<\/strong>. La <strong>nostalgia<\/strong> sucede en esos tiempo de tristeza. No quieres ver a nadie y tan solo quieres estar contigo mismo, sin importar nada de nadie. Pero al fin, cuando sales de tu cuarto oscuro y ves la vida llena de luz, sentir\u00e1s  a los que te aprecian y los que te regalan su cari\u00f1o. <\/p>\n\n\n\n<p class=\"has-text-align-right\">Texto creado por: Altea Ojeda Lima<\/p>\n\n\n\n<figure class=\"wp-block-image size-large\"><img loading=\"lazy\" width=\"724\" height=\"1024\" src=\"http:\/\/iesgaroe.org\/comunicaciongaroe\/wp-content\/uploads\/2020\/12\/nostalgia-1_page-0001-724x1024.jpg\" alt=\"\" class=\"wp-image-245\" srcset=\"http:\/\/iesgaroe.org\/comunicaciongaroe\/wp-content\/uploads\/2020\/12\/nostalgia-1_page-0001-724x1024.jpg 724w, http:\/\/iesgaroe.org\/comunicaciongaroe\/wp-content\/uploads\/2020\/12\/nostalgia-1_page-0001-212x300.jpg 212w, http:\/\/iesgaroe.org\/comunicaciongaroe\/wp-content\/uploads\/2020\/12\/nostalgia-1_page-0001-768x1086.jpg 768w, http:\/\/iesgaroe.org\/comunicaciongaroe\/wp-content\/uploads\/2020\/12\/nostalgia-1_page-0001-1086x1536.jpg 1086w, http:\/\/iesgaroe.org\/comunicaciongaroe\/wp-content\/uploads\/2020\/12\/nostalgia-1_page-0001-1448x2048.jpg 1448w, http:\/\/iesgaroe.org\/comunicaciongaroe\/wp-content\/uploads\/2020\/12\/nostalgia-1_page-0001-scaled.jpg 1810w\" sizes=\"(max-width: 724px) 100vw, 724px\" \/><figcaption>Imagen creada por: Altea Ojeda Lima<\/figcaption><\/figure>\n\n\n\n<p>S\u00e1bado 12 de diciembre de 2020<\/p>\n\n\n\n<p><strong><em>Sororidad<\/em><\/strong>. Esta palabra se ha incorporado en el Diccionario de la Real Academia Espa\u00f1ola (DRAE) en el a\u00f1o 2018, sin embargo, su origen es incierto. Etimol\u00f3gicamente, esta palabra proviene del &nbsp;ingl\u00e9s&nbsp;<em>sorority,<\/em>&nbsp;este del&nbsp;lat\u00edn medieval&nbsp;<em>sororitas, -atis<\/em>&nbsp;&#8216;congregaci\u00f3n de monjas&#8217;, y este&nbsp;derivado&nbsp;del&nbsp;lat\u00edn&nbsp;<em>soror, -\u014dris<\/em> &#8216;hermana carnal&#8217;. <\/p>\n\n\n\n<p>Pero, \u00bfqui\u00e9n escribi\u00f3 sobre esta palabra mucho antes de que apareciera en el diccionario? Nuestro escritor Miguel de Unamuno en su pr\u00f3logo de la obra <em>La t\u00eda Tula<\/em>: <\/p>\n\n\n\n<p>\u00abLa observaci\u00f3n es que as\u00ed como tenemos la palabra <em>paternal<\/em> y <em>paternidad<\/em> que derivan de <em>pater<\/em>, padre, y <em>maternal<\/em> y <em>maternidad<\/em>, de <em>mater<\/em>, madre, y no es lo mismo, ni mucho menos, lo paternal y lo <em>maternal<\/em>, ni la paternidad y la maternidad, es extra\u00f1o que junto a <em>fraternal<\/em> y <em>fraternidad<\/em>, de <em>frater<\/em>, hermano, no tengamos <em>sororal<\/em> y <em><strong>sororidad<\/strong><\/em>, de <em>soror<\/em>, hermana. En lat\u00edn hay <em>sorius, a, um<\/em>, lo de la hermana, y el verbo sororiare, crecer por igual y juntamente. <\/p>\n\n\n\n<p>Se nos dir\u00e1 que la <strong><em>sororidad<\/em><\/strong> equivaldr\u00eda a la <em>fraternidad<\/em>, mas no lo creemos as\u00ed. [&#8230;]<\/p>\n\n\n\n<p><em><strong>Sororidad<\/strong><\/em> fue la de la admirable Ant\u00edgona, esta santa del paganismo hel\u00e9nico, la hija de Edipo, que sufri\u00f3 martirio por amor a su hermano Polinices, y por confesar su fe de que las leyes eternas de la conciencia, las que rigen en el eterno mundo de los muertos, en el mundo de la inmortalidad, no son las que forjan los d\u00e9spotas y tiranos de la tierra, como era Creonte. [&#8230;]<\/p>\n\n\n\n<p>Hablamos de <em>patrias<\/em> y sobre ellas de <em>fraternidad<\/em> universal, pero no es una sutiliza ling\u00fc\u00edstica el sostener que no pueden prosperar sino sobre <em>matrias<\/em> y <em><strong>sororidad<\/strong><\/em>\u00ab.<\/p>\n\n\n\n<p>Lo que nos quiso transmitir Miguel de Unamuno en este texto, es la posibilidad de incorporar en nuestro l\u00e9xico la palabra <strong><em>sororidad<\/em><\/strong> (de hermana) que tiene un significado similar al de <em>fraternidad<\/em> (de hermano) y para ello, puso el ejemplo de Ant\u00edgona, de la mitolog\u00eda griega, hija de Edipo y Yocasta. En el episodio \u00abLos siete contra Tebas\u00bb los dos hermanos de Ant\u00edgona (Eteocles y Polinices) se enfrentan mortalmente. Ambos mueren, pero el primero -fiel a Tebas-  es enterrado con honores, mas no es el caso de Polinices que por orden de su t\u00edo Creonte permanece sin sepultura por traici\u00f3n a la ciudad. Y es aqu\u00ed, cuando su hermana Ant\u00edgona, decide enterrarle rechazando as\u00ed la ley impuesta. <\/p>\n\n\n\n<p>A este amor de hermanos (Ant\u00edgona hacia su hermano Polinices) hace referencia Miguel de Unamuno cuando explica el sentido que tendr\u00eda el uso de la palabra <em><strong>sororidad<\/strong><\/em> en nuestra lengua y, 97 a\u00f1os despu\u00e9s la RAE incorpora esta palabra a su diccionario con un sentido de solidaridad entre mujeres.<\/p>\n\n\n\n<figure class=\"wp-block-image size-large\"><img loading=\"lazy\" width=\"1024\" height=\"1024\" src=\"http:\/\/iesgaroe.org\/comunicaciongaroe\/wp-content\/uploads\/2020\/12\/sororidad-1024x1024.png\" alt=\"\" class=\"wp-image-262\" srcset=\"http:\/\/iesgaroe.org\/comunicaciongaroe\/wp-content\/uploads\/2020\/12\/sororidad-1024x1024.png 1024w, http:\/\/iesgaroe.org\/comunicaciongaroe\/wp-content\/uploads\/2020\/12\/sororidad-300x300.png 300w, http:\/\/iesgaroe.org\/comunicaciongaroe\/wp-content\/uploads\/2020\/12\/sororidad-150x150.png 150w, http:\/\/iesgaroe.org\/comunicaciongaroe\/wp-content\/uploads\/2020\/12\/sororidad-768x768.png 768w, http:\/\/iesgaroe.org\/comunicaciongaroe\/wp-content\/uploads\/2020\/12\/sororidad-100x100.png 100w, http:\/\/iesgaroe.org\/comunicaciongaroe\/wp-content\/uploads\/2020\/12\/sororidad.png 1080w\" sizes=\"(max-width: 767px) 89vw, (max-width: 1000px) 54vw, (max-width: 1071px) 543px, 580px\" \/><\/figure>\n\n\n\n<p>S\u00e1bado 16 de enero de 2021<\/p>\n\n\n\n<figure class=\"wp-block-image size-large\"><img loading=\"lazy\" width=\"1024\" height=\"1024\" src=\"http:\/\/iesgaroe.org\/comunicaciongaroe\/wp-content\/uploads\/2021\/01\/afable-1024x1024.jpg\" alt=\"\" class=\"wp-image-316\" srcset=\"http:\/\/iesgaroe.org\/comunicaciongaroe\/wp-content\/uploads\/2021\/01\/afable-1024x1024.jpg 1024w, http:\/\/iesgaroe.org\/comunicaciongaroe\/wp-content\/uploads\/2021\/01\/afable-300x300.jpg 300w, http:\/\/iesgaroe.org\/comunicaciongaroe\/wp-content\/uploads\/2021\/01\/afable-150x150.jpg 150w, http:\/\/iesgaroe.org\/comunicaciongaroe\/wp-content\/uploads\/2021\/01\/afable-768x768.jpg 768w, http:\/\/iesgaroe.org\/comunicaciongaroe\/wp-content\/uploads\/2021\/01\/afable-100x100.jpg 100w, http:\/\/iesgaroe.org\/comunicaciongaroe\/wp-content\/uploads\/2021\/01\/afable.jpg 1080w\" sizes=\"(max-width: 767px) 89vw, (max-width: 1000px) 54vw, (max-width: 1071px) 543px, 580px\" \/><\/figure>\n\n\n\n<p><em>A veces olvido lo mucho que has crecido, a veces sigo viendo a ese ni\u00f1o que se escond\u00eda en aquel armario. Perdona mi sensibler\u00eda Harry, estoy mayor. <\/em><br>&#8211; <em>Para m\u00ed, usted sigue siendo el mismo, se\u00f1or. <\/em><br><em>Igual que tu madre eres indefectiblemente <strong>afable<\/strong>, algo que la gente se empe\u00f1a en subestimar, me temo. <\/em><br><em>El lugar al que viajamos esta noche es peligroso en extremo. Promet\u00ed llevarte conmigo y cumplir\u00e9 mi promesa, pero con una condici\u00f3n: debes obedecer todo lo que te ordene sin cuestionarlo. <\/em><br>&#8211; <em>S\u00ed, se\u00f1or. <\/em><br><em>\u00bfEntiendes bien lo que te digo? Si te digo que te escondas, te escondes; si te digo que corras, corres; si te digo que me abandones y te salves, habr\u00e1s de hacerlo. Tu palabra, Harry. <\/em><br>&#8211;<em> Mi palabra. <\/em><br><em>C\u00f3gete de mi brazo. <\/em><br>&#8211; <em>Se\u00f1or, pens\u00e9 que no pod\u00eda aparecerse dentro de Hogwarts. <\/em><br><em>Ser yo, tiene sus ventajas. <\/em><br>                                                       <br>                                                               Fragmento tomado de: <em>Harry Potter y el misterio del Pr\u00edncipe<\/em>. <\/p>\n\n\n\n<p>Como bien describe el personaje de ficci\u00f3n Albus Dumbledore, \u201cser afable\u201d hoy en d\u00eda est\u00e1 subestimado. Recorremos el mundo inmersos en nuestros pensamientos y a la hora de tratar con los dem\u00e1s no somos conscientes de que cada uno lleva consigo su mundo y sus problemas por dentro, por ello, debemos ser afables con el pr\u00f3jimo puesto que el buen trato y la cordialidad pueden hacer m\u00e1s bien que mal. En nuestro d\u00eda a d\u00eda, en el trabajo, en nuestras clases, en nuestra familia; porque todo ser\u00eda mucho m\u00e1s f\u00e1cil con un trato afable. As\u00ed que intentemos no subestimar la afabilidad porque con ella pueden lograrse grandes cosas y ser amortiguadora de los grandes embates de la vida. <br><\/p>\n\n\n\n<p>Domingo 24 de enero de 2021. El s\u00e1bado no escribi\u00f3 porque estaba ocupada so\u00f1ando. <\/p>\n\n\n\n<p>Despierta. Con el mirar al frente, los pies descalzos y c\u00e1mara en mano. Eligi\u00f3 un elefante porque cre\u00eda poseer al animal que todo oc\u00e9ano podr\u00eda cruzar. Desde su lomo vive capturando los sue\u00f1os que su mundo presenta; porque eso cree ella: vive sue\u00f1os. <\/p>\n\n\n\n<p>Cuando la observan en su elefante capturando los detalles de su mundo, la llaman <strong>nefelibata<\/strong>, simplemente porque piensan que es una so\u00f1adora que no se apercibe de la realidad. \u00bfQu\u00e9 chica se pasea encima de un elefante con una c\u00e1mara en medio del oc\u00e9ano?  Lo que los dem\u00e1s no saben es que a trav\u00e9s de sus ojos de so\u00f1adora puede percibir detalles que los ojos de los seres corrientes no captan. Es <strong>nefelibata<\/strong> por creer que su mundo es como ella sue\u00f1a, pero tambi\u00e9n es feliz. <\/p>\n\n\n\n<figure class=\"wp-block-image size-large\"><img loading=\"lazy\" width=\"1024\" height=\"1024\" src=\"http:\/\/iesgaroe.org\/comunicaciongaroe\/wp-content\/uploads\/2021\/01\/Carl-Sandburg-1024x1024.png\" alt=\"\" class=\"wp-image-321\" srcset=\"http:\/\/iesgaroe.org\/comunicaciongaroe\/wp-content\/uploads\/2021\/01\/Carl-Sandburg-1024x1024.png 1024w, http:\/\/iesgaroe.org\/comunicaciongaroe\/wp-content\/uploads\/2021\/01\/Carl-Sandburg-300x300.png 300w, http:\/\/iesgaroe.org\/comunicaciongaroe\/wp-content\/uploads\/2021\/01\/Carl-Sandburg-150x150.png 150w, http:\/\/iesgaroe.org\/comunicaciongaroe\/wp-content\/uploads\/2021\/01\/Carl-Sandburg-768x768.png 768w, http:\/\/iesgaroe.org\/comunicaciongaroe\/wp-content\/uploads\/2021\/01\/Carl-Sandburg-100x100.png 100w, http:\/\/iesgaroe.org\/comunicaciongaroe\/wp-content\/uploads\/2021\/01\/Carl-Sandburg.png 1080w\" sizes=\"(max-width: 767px) 89vw, (max-width: 1000px) 54vw, (max-width: 1071px) 543px, 580px\" \/><\/figure>\n\n\n\n<p><\/p>\n\n\n\n<p>S\u00e1bado 30 de enero de 2021<\/p>\n\n\n\n<figure class=\"wp-block-image size-large\"><img loading=\"lazy\" width=\"1024\" height=\"1024\" src=\"http:\/\/iesgaroe.org\/comunicaciongaroe\/wp-content\/uploads\/2021\/01\/C1F1563E-4ECD-4634-BECB-0DD266346B8A-1024x1024.png\" alt=\"\" class=\"wp-image-323\" srcset=\"http:\/\/iesgaroe.org\/comunicaciongaroe\/wp-content\/uploads\/2021\/01\/C1F1563E-4ECD-4634-BECB-0DD266346B8A-1024x1024.png 1024w, http:\/\/iesgaroe.org\/comunicaciongaroe\/wp-content\/uploads\/2021\/01\/C1F1563E-4ECD-4634-BECB-0DD266346B8A-300x300.png 300w, http:\/\/iesgaroe.org\/comunicaciongaroe\/wp-content\/uploads\/2021\/01\/C1F1563E-4ECD-4634-BECB-0DD266346B8A-150x150.png 150w, http:\/\/iesgaroe.org\/comunicaciongaroe\/wp-content\/uploads\/2021\/01\/C1F1563E-4ECD-4634-BECB-0DD266346B8A-768x768.png 768w, http:\/\/iesgaroe.org\/comunicaciongaroe\/wp-content\/uploads\/2021\/01\/C1F1563E-4ECD-4634-BECB-0DD266346B8A-100x100.png 100w, http:\/\/iesgaroe.org\/comunicaciongaroe\/wp-content\/uploads\/2021\/01\/C1F1563E-4ECD-4634-BECB-0DD266346B8A.png 1080w\" sizes=\"(max-width: 767px) 89vw, (max-width: 1000px) 54vw, (max-width: 1071px) 543px, 580px\" \/><\/figure>\n\n\n\n<p>Ah\u00ed estaba el zorro en medio de ese campo de trigo inmenso. Cerr\u00f3 los ojos, escuch\u00f3 el ruido del viento rozando el trigo y se qued\u00f3 <strong>ababol<\/strong> intentando percibir un atisbo de su amigo. Abri\u00f3 los ojos y sigui\u00f3 caminando por esos largos cultivos.&nbsp;<\/p>\n\n\n\n<p>El sol comenzaba a calentar, iluminaba la zona de un intenso color \u00e1ureo que invitaba a rozar cada una de esas espigas con su cola. Volvi\u00f3 a cerrar los ojos para interiorizar todas esas sensaciones.&nbsp;Cuando los abri\u00f3, descubri\u00f3 a lo lejos un peque\u00f1o destello rojo -poco com\u00fan en esa zona- y avanz\u00f3 el paso, raudo. Al llegar al objetivo, descubri\u00f3 una hermosa <strong>ababol<\/strong> que florec\u00eda en medio de ese campo ambarino. Sorprendido, enseguida comprendi\u00f3 y dijo:&nbsp;\u00abAqu\u00ed est\u00e1s conmigo. Un recuerdo de ti, querido principito. Gracias a ti los campos de trigo ahora son alegres.\u00bb<\/p>\n\n\n\n<p>Texto inspirado en un fragmento de <em><strong>El Principito<\/strong><\/em>.&nbsp;<\/p>\n\n\n\n<p>\u201c(&#8230;) Y adem\u00e1s, \u00a1mira! \u00bfVes, all\u00e1, los campos de trigo? Yo no como pan. Para m\u00ed el trigo es in\u00fatil. Los campos de trigo no me recuerdan nada. \u00a1Es bien triste! Pero t\u00fa tienes cabellos color de oro. Cuando me hayas domesticado, \u00a1ser\u00e1 maravilloso! El trigo dorado ser\u00e1 un recuerdo de ti. Y amar\u00e9 el ruido del viento en el trigo&#8230;&nbsp;<\/p>\n\n\n\n<p>El zorro call\u00f3 y mir\u00f3 largo tiempo al principito:&nbsp;<\/p>\n\n\n\n<p>\u00a1Por favor&#8230; domest\u00edcame!- dijo \u201c.<\/p>\n\n\n\n<p>S\u00e1bado 20 de marzo de 2021<\/p>\n\n\n\n<figure class=\"wp-block-image size-large\"><img loading=\"lazy\" width=\"724\" height=\"1024\" src=\"http:\/\/iesgaroe.org\/comunicaciongaroe\/wp-content\/uploads\/2021\/03\/soledad-3_page-0001-724x1024.jpg\" alt=\"\" class=\"wp-image-361\" srcset=\"http:\/\/iesgaroe.org\/comunicaciongaroe\/wp-content\/uploads\/2021\/03\/soledad-3_page-0001-724x1024.jpg 724w, http:\/\/iesgaroe.org\/comunicaciongaroe\/wp-content\/uploads\/2021\/03\/soledad-3_page-0001-212x300.jpg 212w, http:\/\/iesgaroe.org\/comunicaciongaroe\/wp-content\/uploads\/2021\/03\/soledad-3_page-0001-768x1086.jpg 768w, http:\/\/iesgaroe.org\/comunicaciongaroe\/wp-content\/uploads\/2021\/03\/soledad-3_page-0001-1086x1536.jpg 1086w, http:\/\/iesgaroe.org\/comunicaciongaroe\/wp-content\/uploads\/2021\/03\/soledad-3_page-0001-1448x2048.jpg 1448w, http:\/\/iesgaroe.org\/comunicaciongaroe\/wp-content\/uploads\/2021\/03\/soledad-3_page-0001-scaled.jpg 1810w\" sizes=\"(max-width: 724px) 100vw, 724px\" \/><\/figure>\n\n\n\n<p>Nuestra compa\u00f1era Altea Ojeda ha querido dedicar esta semana a la palabra <strong>soledad<\/strong>, una sensaci\u00f3n muy anhelada por unos y, otros simplemente no conciben la vida sin estar rodeados de las personas. <\/p>\n\n\n\n<p>El ser humano es un ser  social por naturaleza, pero como bien plantea Altea, a veces es necesario, dedicarse tiempo a uno mismo, encontrarse, meditar o simplemente, convivir con la soledad; porque solo en nosotros est\u00e1 la soluci\u00f3n para afrontar o asumir  las diferentes pruebas de la vida. <\/p>\n","protected":false},"excerpt":{"rendered":"<p>S\u00e1bado 31 de octubre de 2020. Como dec\u00eda el c\u00e9lebre fil\u00f3sofo y escritor franc\u00e9s, Michel de Montaigne: \u00abla palabra es mitad de quien la pronuncia, mitad de quien la escucha\u00bb. Por esto, queremos compartir contigo todas las semanas algunas palabras que quiz\u00e1s desconozcas del espa\u00f1ol y puede que veas la oportunidad de empezar a incorporarla &hellip; <\/p>\n<p class=\"link-more\"><a href=\"http:\/\/iesgaroe.org\/comunicaciongaroe\/\" class=\"more-link\">Continuar leyendo<span class=\"screen-reader-text\"> \u00abInicio\u00bb<\/span><\/a><\/p>\n","protected":false},"author":1,"featured_media":0,"parent":0,"menu_order":0,"comment_status":"open","ping_status":"closed","template":"","meta":[],"_links":{"self":[{"href":"http:\/\/iesgaroe.org\/comunicaciongaroe\/wp-json\/wp\/v2\/pages\/42"}],"collection":[{"href":"http:\/\/iesgaroe.org\/comunicaciongaroe\/wp-json\/wp\/v2\/pages"}],"about":[{"href":"http:\/\/iesgaroe.org\/comunicaciongaroe\/wp-json\/wp\/v2\/types\/page"}],"author":[{"embeddable":true,"href":"http:\/\/iesgaroe.org\/comunicaciongaroe\/wp-json\/wp\/v2\/users\/1"}],"replies":[{"embeddable":true,"href":"http:\/\/iesgaroe.org\/comunicaciongaroe\/wp-json\/wp\/v2\/comments?post=42"}],"version-history":[{"count":20,"href":"http:\/\/iesgaroe.org\/comunicaciongaroe\/wp-json\/wp\/v2\/pages\/42\/revisions"}],"predecessor-version":[{"id":362,"href":"http:\/\/iesgaroe.org\/comunicaciongaroe\/wp-json\/wp\/v2\/pages\/42\/revisions\/362"}],"wp:attachment":[{"href":"http:\/\/iesgaroe.org\/comunicaciongaroe\/wp-json\/wp\/v2\/media?parent=42"}],"curies":[{"name":"wp","href":"https:\/\/api.w.org\/{rel}","templated":true}]}}