{"id":912,"date":"2021-03-04T22:09:50","date_gmt":"2021-03-04T21:09:50","guid":{"rendered":"http:\/\/iesgaroe.org\/webgaroe\/?page_id=912"},"modified":"2021-06-28T21:11:39","modified_gmt":"2021-06-28T20:11:39","slug":"fse","status":"publish","type":"page","link":"https:\/\/iesgaroe.org\/webgaroe\/fse\/","title":{"rendered":"FSE"},"content":{"rendered":"<div class=\"fusion-fullwidth fullwidth-box fusion-builder-row-1 fusion-flex-container nonhundred-percent-fullwidth non-hundred-percent-height-scrolling\" style=\"background-color: rgba(255,255,255,0);background-position: center center;background-repeat: no-repeat;border-width: 0px 0px 0px 0px;border-color:#e2e2e2;border-style:solid;\" ><div class=\"fusion-builder-row fusion-row fusion-flex-align-items-flex-start\" style=\"max-width:1248px;margin-left: calc(-4% \/ 2 );margin-right: calc(-4% \/ 2 );\"><div class=\"fusion-layout-column fusion_builder_column fusion-builder-column-0 fusion_builder_column_1_1 1_1 fusion-flex-column\"><div class=\"fusion-column-wrapper fusion-flex-justify-content-flex-start fusion-content-layout-column\" style=\"background-position:left top;background-repeat:no-repeat;-webkit-background-size:cover;-moz-background-size:cover;-o-background-size:cover;background-size:cover;padding: 0px 0px 0px 0px;\"><div class=\"fusion-text fusion-text-1\"><h1 class=\"entry-title\">Fondo Social Europeo<\/h1>\n<p class=\"box-blue\" align=\"justify\">Programa Operativo Regional Canarias 2014-2020<\/p>\n<div class=\"entry-content article\">\n<p><a href=\"https:\/\/www.mecd.gob.es\/portada-mecd\/\"><img class=\"png size-medium wp-image-6675\" src=\"https:\/\/blog.iespuertodelacruz.es\/wp-content\/uploads\/2017\/11\/CanariasAvanzaEuropa-240x92.png\" alt=\"CanariasAvanzaEuropa\" width=\"240\" height=\"92\" \/><\/a><\/p>\n<ul>\n<li><a href=\"http:\/\/ec.europa.eu\/esf\/home.jsp?langId=es\">Comisi\u00f3n Europea<\/a><\/li>\n<li><a href=\"http:\/\/www.empleo.gob.es\/uafse\/\">Unidad administradora del FSE<\/a><\/li>\n<li><a href=\"http:\/\/www.gobiernodecanarias.org\/hacienda\/dgplani\/fondos_europeos\/\">Fondos Europeos del Gobierno de Canarias<\/a><\/li>\n<li><a href=\"http:\/\/www.dgfc.sepg.minhap.gob.es\/sitios\/dgfc\/es-ES\/ipr\/Paginas\/inicio.aspx\">Fondos Comunitarios del Ministerio de Hacienda y Administraciones P\u00fablicas<\/a><\/li>\n<li><a href=\"https:\/\/blog.iespuertodelacruz.es\/wp-content\/uploads\/2017\/11\/anexo2_carta_director_general_dgoipe2018.pdf\">Carta del Director General de Ordenaci\u00f3n, Innovaci\u00f3n y Promoci\u00f3n educativa dirigida a los centros educativos<\/a><\/li>\n<\/ul>\n<h4><strong><a href=\"https:\/\/blog.iespuertodelacruz.es\/wp-content\/uploads\/2017\/11\/ANEXO-VII-TRIPTICO-FSE-POR-2014-2020.pdf\">Ciclos formativos de Grado Superior<\/a><br \/>\n<\/strong><\/h4>\n<p>Este centro participa en el desarrollo de actuaciones cofinanciadas por el Fondo Social Europeo dentro del\u00a0<strong>Programa Operativo Regional Canarias 2014-2020<\/strong>\u00a0destinado a apoyar la cohesi\u00f3n econ\u00f3mica, social y territorial y alcanzar los objetivos de la Estrategia Europa 2020 de la Uni\u00f3n Europea para un crecimiento inteligente, sostenible e integrador. En concreto desarrolla actuaciones seg\u00fan el Eje prioritario 3:\u00a0<strong>Invertir en educaci\u00f3n, formaci\u00f3n y formaci\u00f3n profesional para la adquisici\u00f3n de capacidades y un aprendizaje permanente<\/strong>:<\/p>\n<ul>\n<li>Mejorar la calidad, la eficacia y la sostenibilidad de la educaci\u00f3n superior y ciclos equivalentes con el fin de aumentar la participaci\u00f3n y el nivel de instrucci\u00f3n, especialmente para los grupos desfavorecidos.<\/li>\n<li>Mejorar la adecuaci\u00f3n al mercado de trabajo de los sistemas de educaci\u00f3n y formaci\u00f3n, facilitando la transici\u00f3n de la educaci\u00f3n al empleo y reforzando los sistemas de ense\u00f1anza y formaci\u00f3n profesional.<\/li>\n<\/ul>\n<p><strong>La UE financia en un 85% este Programa Operativo, y la inversi\u00f3n prevista para llevar a cabo las acciones incluidas en este Eje de 84.976.914 euros.<\/strong><\/p>\n<p><a href=\"https:\/\/iesgaroe.org\/webgaroe\/wp-content\/uploads\/2021\/03\/Logo-FSE-2019-20.jpg\"><img class=\"alignnone size-large wp-image-907\" src=\"https:\/\/iesgaroe.org\/webgaroe\/wp-content\/uploads\/2021\/03\/Logo-FSE-2019-20-1024x124.jpg\" alt=\"\" width=\"1024\" height=\"124\" srcset=\"https:\/\/iesgaroe.org\/webgaroe\/wp-content\/uploads\/2021\/03\/Logo-FSE-2019-20-200x24.jpg 200w, https:\/\/iesgaroe.org\/webgaroe\/wp-content\/uploads\/2021\/03\/Logo-FSE-2019-20-300x36.jpg 300w, https:\/\/iesgaroe.org\/webgaroe\/wp-content\/uploads\/2021\/03\/Logo-FSE-2019-20-400x49.jpg 400w, https:\/\/iesgaroe.org\/webgaroe\/wp-content\/uploads\/2021\/03\/Logo-FSE-2019-20-500x61.jpg 500w, https:\/\/iesgaroe.org\/webgaroe\/wp-content\/uploads\/2021\/03\/Logo-FSE-2019-20-600x73.jpg 600w, https:\/\/iesgaroe.org\/webgaroe\/wp-content\/uploads\/2021\/03\/Logo-FSE-2019-20-700x85.jpg 700w, https:\/\/iesgaroe.org\/webgaroe\/wp-content\/uploads\/2021\/03\/Logo-FSE-2019-20-768x93.jpg 768w, https:\/\/iesgaroe.org\/webgaroe\/wp-content\/uploads\/2021\/03\/Logo-FSE-2019-20-800x97.jpg 800w, https:\/\/iesgaroe.org\/webgaroe\/wp-content\/uploads\/2021\/03\/Logo-FSE-2019-20-1024x124.jpg 1024w, https:\/\/iesgaroe.org\/webgaroe\/wp-content\/uploads\/2021\/03\/Logo-FSE-2019-20-1200x146.jpg 1200w, https:\/\/iesgaroe.org\/webgaroe\/wp-content\/uploads\/2021\/03\/Logo-FSE-2019-20.jpg 1245w\" sizes=\"(max-width: 1024px) 100vw, 1024px\" \/><\/a><\/p>\n<\/div>\n<\/div><div class=\"fusion-text fusion-text-2\"><p class=\"box-green\" align=\"justify\">PROGRAMA DE ORIENTACI\u00d3N Y REFUERZO (PROGRAMA TRANSITO) 2020-2021<\/p>\n<div class=\"entry-content article\">\n<p><a href=\"https:\/\/iesgaroe.org\/webgaroe\/wp-content\/uploads\/2021\/06\/logo_transito.gif\"><img class=\"alignnone size-full wp-image-1163\" src=\"https:\/\/iesgaroe.org\/webgaroe\/wp-content\/uploads\/2021\/06\/logo_transito.gif\" alt=\"\" width=\"280\" height=\"71\" \/><\/a><\/p>\n<p>El IES Garo\u00e9 participa en el programa en los cursos de 1\u00ba y 2\u00ba de la ESO.<\/p>\n<ul>\n<li><a href=\"http:\/\/ec.europa.eu\/esf\/home.jsp?langld=es\">Comisi\u00f3n Europea<\/a><\/li>\n<li><a href=\"http:\/\/www.empleo.gob.es\/uafse\/\">Unidad Administradora del FSE<\/a><\/li>\n<\/ul>\n<p><a href=\"https:\/\/iesgaroe.org\/webgaroe\/wp-content\/uploads\/2021\/06\/fsetransito.jpg\"><img class=\"alignnone size-large wp-image-1159\" src=\"https:\/\/iesgaroe.org\/webgaroe\/wp-content\/uploads\/2021\/06\/fsetransito-1024x98.jpg\" alt=\"\" width=\"1024\" height=\"98\" srcset=\"https:\/\/iesgaroe.org\/webgaroe\/wp-content\/uploads\/2021\/06\/fsetransito-200x19.jpg 200w, https:\/\/iesgaroe.org\/webgaroe\/wp-content\/uploads\/2021\/06\/fsetransito-300x29.jpg 300w, https:\/\/iesgaroe.org\/webgaroe\/wp-content\/uploads\/2021\/06\/fsetransito-400x38.jpg 400w, https:\/\/iesgaroe.org\/webgaroe\/wp-content\/uploads\/2021\/06\/fsetransito-500x48.jpg 500w, https:\/\/iesgaroe.org\/webgaroe\/wp-content\/uploads\/2021\/06\/fsetransito-600x57.jpg 600w, https:\/\/iesgaroe.org\/webgaroe\/wp-content\/uploads\/2021\/06\/fsetransito-700x67.jpg 700w, https:\/\/iesgaroe.org\/webgaroe\/wp-content\/uploads\/2021\/06\/fsetransito-768x73.jpg 768w, https:\/\/iesgaroe.org\/webgaroe\/wp-content\/uploads\/2021\/06\/fsetransito-800x76.jpg 800w, https:\/\/iesgaroe.org\/webgaroe\/wp-content\/uploads\/2021\/06\/fsetransito-1024x98.jpg 1024w, https:\/\/iesgaroe.org\/webgaroe\/wp-content\/uploads\/2021\/06\/fsetransito-1200x115.jpg 1200w, https:\/\/iesgaroe.org\/webgaroe\/wp-content\/uploads\/2021\/06\/fsetransito.jpg 1445w\" sizes=\"(max-width: 1024px) 100vw, 1024px\" \/><\/a><\/p>\n<\/div>\n<\/div><div class=\"fusion-text fusion-text-3\"><div class=\"entry-content article\">\n<p class=\"box-red\" align=\"justify\">REDIMENSIONAMIENTO DE LA OFERTA DE FORMACI\u00d3N PROFESIONAL<\/p>\n<p>El IES Garo\u00e9 participa en el Programa REDIMENSIONAMIENTO\u00a0DE LA OFERTA DE FORMACI\u00d3N PROFESIONAL financiado por el Ministerio de Educaci\u00f3n y Formaci\u00f3n\u00a0Profesional y la Uni\u00f3n Europea NextGenerationEU.<\/p>\n<p><a href=\"https:\/\/iesgaroe.org\/webgaroe\/wp-content\/uploads\/2021\/06\/fsefp.jpg\"><img class=\"alignnone size-large wp-image-1158\" src=\"https:\/\/iesgaroe.org\/webgaroe\/wp-content\/uploads\/2021\/06\/fsefp-1024x224.jpg\" alt=\"\" width=\"1024\" height=\"224\" srcset=\"https:\/\/iesgaroe.org\/webgaroe\/wp-content\/uploads\/2021\/06\/fsefp-200x44.jpg 200w, https:\/\/iesgaroe.org\/webgaroe\/wp-content\/uploads\/2021\/06\/fsefp-300x66.jpg 300w, https:\/\/iesgaroe.org\/webgaroe\/wp-content\/uploads\/2021\/06\/fsefp-400x87.jpg 400w, https:\/\/iesgaroe.org\/webgaroe\/wp-content\/uploads\/2021\/06\/fsefp-500x109.jpg 500w, https:\/\/iesgaroe.org\/webgaroe\/wp-content\/uploads\/2021\/06\/fsefp-600x131.jpg 600w, https:\/\/iesgaroe.org\/webgaroe\/wp-content\/uploads\/2021\/06\/fsefp-700x153.jpg 700w, https:\/\/iesgaroe.org\/webgaroe\/wp-content\/uploads\/2021\/06\/fsefp-768x168.jpg 768w, https:\/\/iesgaroe.org\/webgaroe\/wp-content\/uploads\/2021\/06\/fsefp-800x175.jpg 800w, https:\/\/iesgaroe.org\/webgaroe\/wp-content\/uploads\/2021\/06\/fsefp-1024x224.jpg 1024w, https:\/\/iesgaroe.org\/webgaroe\/wp-content\/uploads\/2021\/06\/fsefp-1200x262.jpg 1200w, https:\/\/iesgaroe.org\/webgaroe\/wp-content\/uploads\/2021\/06\/fsefp.jpg 1445w\" sizes=\"(max-width: 1024px) 100vw, 1024px\" \/><\/a><\/p>\n<\/div>\n<\/div><\/div><style type=\"text\/css\">.fusion-body .fusion-builder-column-0{width:100% !important;margin-top : 0px;margin-bottom : 0px;}.fusion-builder-column-0 > .fusion-column-wrapper {padding-top : 0px !important;padding-right : 0px !important;margin-right : 1.92%;padding-bottom : 0px !important;padding-left : 0px !important;margin-left : 1.92%;}@media only screen and (max-width:1024px) {.fusion-body .fusion-builder-column-0{width:100% !important;}.fusion-builder-column-0 > .fusion-column-wrapper {margin-right : 1.92%;margin-left : 1.92%;}}@media only screen and (max-width:640px) {.fusion-body .fusion-builder-column-0{width:100% !important;}.fusion-builder-column-0 > .fusion-column-wrapper {margin-right : 1.92%;margin-left : 1.92%;}}<\/style><\/div><\/div><style type=\"text\/css\">.fusion-body .fusion-flex-container.fusion-builder-row-1{ padding-top : 0px;margin-top : 0px;padding-right : 0px;padding-bottom : 0px;margin-bottom : 0px;padding-left : 0px;}<\/style><\/div>\n","protected":false},"excerpt":{"rendered":"","protected":false},"author":1,"featured_media":0,"parent":0,"menu_order":0,"comment_status":"closed","ping_status":"closed","template":"","meta":[],"_links":{"self":[{"href":"https:\/\/iesgaroe.org\/webgaroe\/wp-json\/wp\/v2\/pages\/912"}],"collection":[{"href":"https:\/\/iesgaroe.org\/webgaroe\/wp-json\/wp\/v2\/pages"}],"about":[{"href":"https:\/\/iesgaroe.org\/webgaroe\/wp-json\/wp\/v2\/types\/page"}],"author":[{"embeddable":true,"href":"https:\/\/iesgaroe.org\/webgaroe\/wp-json\/wp\/v2\/users\/1"}],"replies":[{"embeddable":true,"href":"https:\/\/iesgaroe.org\/webgaroe\/wp-json\/wp\/v2\/comments?post=912"}],"version-history":[{"count":4,"href":"https:\/\/iesgaroe.org\/webgaroe\/wp-json\/wp\/v2\/pages\/912\/revisions"}],"predecessor-version":[{"id":1164,"href":"https:\/\/iesgaroe.org\/webgaroe\/wp-json\/wp\/v2\/pages\/912\/revisions\/1164"}],"wp:attachment":[{"href":"https:\/\/iesgaroe.org\/webgaroe\/wp-json\/wp\/v2\/media?parent=912"}],"curies":[{"name":"wp","href":"https:\/\/api.w.org\/{rel}","templated":true}]}}